{"id":2592,"date":"2022-08-29T07:08:37","date_gmt":"2022-08-29T07:08:37","guid":{"rendered":"http:\/\/uus.andresklaas.ee\/our-team\/"},"modified":"2022-09-27T13:49:24","modified_gmt":"2022-09-27T13:49:24","slug":"our-team","status":"publish","type":"page","link":"https:\/\/uus.andresklaas.ee\/en\/about-us\/our-team\/","title":{"rendered":"Our team"},"content":{"rendered":"\t\t<div data-elementor-type=\"wp-page\" data-elementor-id=\"2592\" class=\"elementor elementor-2592 elementor-1900\">\n\t\t\t\t\t\t\t\t\t<section class=\"elementor-section elementor-top-section elementor-element elementor-element-ccb5d10 elementor-section-height-min-height elementor-section-items-top elementor-section-boxed elementor-section-height-default\" data-id=\"ccb5d10\" data-element_type=\"section\">\n\t\t\t\t\t\t<div class=\"elementor-container elementor-column-gap-default\">\n\t\t\t\t\t<div class=\"elementor-column elementor-col-100 elementor-top-column elementor-element elementor-element-763e0da\" data-id=\"763e0da\" data-element_type=\"column\">\n\t\t\t<div class=\"elementor-widget-wrap elementor-element-populated\">\n\t\t\t\t\t\t\t\t<div class=\"elementor-element elementor-element-7e49363 elementor-widget elementor-widget-heading\" data-id=\"7e49363\" data-element_type=\"widget\" data-widget_type=\"heading.default\">\n\t\t\t\t<div class=\"elementor-widget-container\">\n\t\t\t<style>\/*! elementor - v3.8.0 - 30-10-2022 *\/\n.elementor-heading-title{padding:0;margin:0;line-height:1}.elementor-widget-heading .elementor-heading-title[class*=elementor-size-]>a{color:inherit;font-size:inherit;line-height:inherit}.elementor-widget-heading .elementor-heading-title.elementor-size-small{font-size:15px}.elementor-widget-heading .elementor-heading-title.elementor-size-medium{font-size:19px}.elementor-widget-heading .elementor-heading-title.elementor-size-large{font-size:29px}.elementor-widget-heading .elementor-heading-title.elementor-size-xl{font-size:39px}.elementor-widget-heading .elementor-heading-title.elementor-size-xxl{font-size:59px}<\/style><h1 class=\"elementor-heading-title elementor-size-default\">Our team<\/h1>\t\t<\/div>\n\t\t\t\t<\/div>\n\t\t\t\t<div class=\"elementor-element elementor-element-ebdeb1a elementor-widget elementor-widget-spacer\" data-id=\"ebdeb1a\" data-element_type=\"widget\" data-widget_type=\"spacer.default\">\n\t\t\t\t<div class=\"elementor-widget-container\">\n\t\t\t<style>\/*! elementor - v3.8.0 - 30-10-2022 *\/\n.elementor-column .elementor-spacer-inner{height:var(--spacer-size)}.e-con{--container-widget-width:100%}.e-con-inner>.elementor-widget-spacer,.e-con>.elementor-widget-spacer{width:var(--container-widget-width,var(--spacer-size));-ms-flex-item-align:stretch;align-self:stretch;-ms-flex-negative:0;flex-shrink:0}.e-con-inner>.elementor-widget-spacer>.elementor-widget-container,.e-con-inner>.elementor-widget-spacer>.elementor-widget-container>.elementor-spacer,.e-con>.elementor-widget-spacer>.elementor-widget-container,.e-con>.elementor-widget-spacer>.elementor-widget-container>.elementor-spacer{height:100%}.e-con-inner>.elementor-widget-spacer>.elementor-widget-container>.elementor-spacer>.elementor-spacer-inner,.e-con>.elementor-widget-spacer>.elementor-widget-container>.elementor-spacer>.elementor-spacer-inner{height:var(--container-widget-height,var(--spacer-size))}<\/style>\t\t<div class=\"elementor-spacer\">\n\t\t\t<div class=\"elementor-spacer-inner\"><\/div>\n\t\t<\/div>\n\t\t\t\t<\/div>\n\t\t\t\t<\/div>\n\t\t\t\t<div class=\"elementor-element elementor-element-e6791cb elementor-widget elementor-widget-ucaddon_post_grid\" data-id=\"e6791cb\" data-element_type=\"widget\" data-widget_type=\"ucaddon_post_grid.default\">\n\t\t\t\t<div class=\"elementor-widget-container\">\n\t\t\t<!-- start Post Grid -->\n\t\t<link id='font-awesome-css' href='https:\/\/uus.andresklaas.ee\/wp-content\/plugins\/unlimited-elements-for-elementor\/assets_libraries\/font-awesome5\/css\/fontawesome-all.min.css' type='text\/css' rel='stylesheet' >\n\t\t<link id='font-awesome-4-shim-css' href='https:\/\/uus.andresklaas.ee\/wp-content\/plugins\/unlimited-elements-for-elementor\/assets_libraries\/font-awesome5\/css\/fontawesome-v4-shims.css' type='text\/css' rel='stylesheet' >\n\n\t\t\t<style type=\"text\/css\">\/* widget: Post Grid *\/\n\n#uc_post_grid_elementor16516.uc_post_grid_style_one .uc_post_grid_style_one_wrap {\n   display:grid;\n}\n\n#uc_post_grid_elementor16516 .uc_post_grid_style_one_item\n{\n  overflow:hidden;\n  position:relative;\n}\n\n#uc_post_grid_elementor16516 .uc_post_image\n{\n  background-position:center;\n  transition:0.3s;\n  background-repeat:no-repeat;\n  position:relative;\n}\n\n#uc_post_grid_elementor16516 .uc_post_image_overlay\n{\n  position:absolute;\n  top:0px;\n  left:0px;\n  height:100%;\n  width:100%;\n  transition:0.3s;\n}\n\n#uc_post_grid_elementor16516 .uc_more_btn{\n\n  display:inline-block;\n  text-align:center;\n  text-decoration:none;\n  transition:0.3s;\n}\n\n.ue-grid-item-category a\n{\n  display:inline-block;\n  font-size:10px;\n  \n}\n\n.uc_post_title\n{\n  font-size:21px;\n}\n\n\n#uc_post_grid_elementor16516 .ue_post_grid_item\n{\n  display:flex;\n  flex-direction:column;\n}\n\n#uc_post_grid_elementor16516.uc_post_grid_style_one .uc_content{\n flex-grow:1;\n}\n\n#uc_post_grid_elementor16516.uc_post_grid_style_one .uc_content > div\n{\n  height:100%;\n  display:flex;\n  flex-direction:column;\n}\n\n#uc_post_grid_elementor16516 .uc_post_button\n{\n  margin-top:auto;\n}\n\n\n\n\n\n\n\n\n\n\n\n\n\n\n\n\n\n\n\n\n\n\n\n\n#uc_post_grid_elementor16516 .ue-meta-data\n{\n  \n  display:flex;\n\n  flex-wrap: wrap;\n  line-height:1em;\n}\n\n#uc_post_grid_elementor16516 .ue-grid-item-meta-data\n{\n      display:inline-flex;\n      align-items:center;\n}\n\n.ue-grid-item-meta-data\n{\n  font-size:12px;\n}\n\n#uc_post_grid_elementor16516 .ue-grid-item-meta-data-icon\n{\n  line-height:1em;\n}\n\n#uc_post_grid_elementor16516 .ue-grid-item-meta-data-icon svg\n{\n  width:1em;\n  height:1em;\n}\n\n#uc_post_grid_elementor16516 .ue-debug-meta\n{\n  padding:10px;\n  border:1px solid red;\n  position:relative;\n  line-height:1.5em;\n  font-size:11px;\n  width:100%;\n}\n\n.prof {\nfont-weight: 300 !important;\nfont-size: 12px !important;\nline-height: 15px !important;\nletter-spacing: 0.25em !important;\ntext-transform: uppercase;\n  \n}\n\n.uc_post_title {\n   \n  font-weight: 600;\nfont-size: 25px;\nline-height: 30px;\n\n}\n\n\n.nimi{\n  font-weight: 600 !important;\nfont-size: 25px !important;\nline-height: 19px !important;\ntext-transform: capitalize;\nwidth: 100% !important;\n}\n\n.telpost{\n  padding-top:10px;\nfont-weight: 300 !important;\nfont-size: 16px; !important;\nline-height: 19px !important;\n  width: 100% !important;\n}\n.tepost{\nfont-weight: 300 !important;\nfont-size: 16px; !important;\nline-height: 5px; !important;\n}\n\n<\/style>\n\n\t\t\t<div class=\"uc_post_grid_style_one\" id=\"uc_post_grid_elementor16516\"  >\n\t\t<div class=\"uc_post_grid_style_one_wrap ue_post_grid uc-items-wrapper\">\n\t\t\t<div class=\"uc_post_grid_style_one_item ue_post_grid_item ue-item \">\n  \n   <a class=\"uc_post_grid_style_one_image\">\n   <div class=\"uc_post_image\" style=\"background-image: url(https:\/\/uus.andresklaas.ee\/wp-content\/uploads\/2022\/05\/Gerd-Velma.jpg);\">\n     <div class=\"uc_post_image_overlay\"><\/div>\n   <\/div>\n  <\/a>\n   \n <div class=\"uc_content\">\n    <div>\n      \n           \n    \n  \n      \n      \n \n     \n          <div class=\"ue-meta-data\">\n                        \n                        \n        \n\t\t\t\n\n\n\n\n\n\n\n\n\n\n\n\n            \n                        \t \n            \t<div class=\"ue-grid-item-meta-data prof\"><span class=\"ue-grid-item-meta-data-icon\"><i class=''><\/i><\/span>  Chairman of the Board<\/div>\n                        <br>\n            \t\n            \n                        \t \n            \t<div class=\"ue-grid-item-meta-data nimi\"> Gerd<\/div>\n                        \n                        \t \n            \t<div class=\"ue-grid-item-meta-data nimi\">  Veelma<\/div>\n                       \n                        \t \n            \t<div class=\"ue-grid-item-meta-data telpost\">  gerd@andresklaas.ee <br>\r\n+372 6061 320<br><\/div>\n                        \n            \t\t\t\n              \n            \n          <\/div>\n     \n      \n      \n      \n          \t<\/div>\n  <\/div>\n<\/div>\n<div class=\"uc_post_grid_style_one_item ue_post_grid_item ue-item \">\n  \n   <a class=\"uc_post_grid_style_one_image\">\n   <div class=\"uc_post_image\" style=\"background-image: url(https:\/\/uus.andresklaas.ee\/wp-content\/uploads\/2022\/05\/Ulvar\u2028_Zeider.jpg);\">\n     <div class=\"uc_post_image_overlay\"><\/div>\n   <\/div>\n  <\/a>\n   \n <div class=\"uc_content\">\n    <div>\n      \n           \n    \n  \n      \n      \n \n     \n          <div class=\"ue-meta-data\">\n                        \n                        \n        \n\t\t\t\n\n\n\n\n\n\n\n\n\n\n\n\n            \n                        \t \n            \t<div class=\"ue-grid-item-meta-data prof\"><span class=\"ue-grid-item-meta-data-icon\"><i class=''><\/i><\/span>  Sales Manager Finland<\/div>\n                        <br>\n            \t\n            \n                        \t \n            \t<div class=\"ue-grid-item-meta-data nimi\"> Ulvar<\/div>\n                        \n                        \t \n            \t<div class=\"ue-grid-item-meta-data nimi\">  Zeider<\/div>\n                       \n                        \t \n            \t<div class=\"ue-grid-item-meta-data telpost\">  ulvar@andresklaas.ee <br>\r\n+372 5100 354 <br>\r\n+372 6061 324 <br><\/div>\n                        \n            \t\t\t\n              \n            \n          <\/div>\n     \n      \n      \n      \n          \t<\/div>\n  <\/div>\n<\/div>\n<div class=\"uc_post_grid_style_one_item ue_post_grid_item ue-item \">\n  \n   <a class=\"uc_post_grid_style_one_image\">\n   <div class=\"uc_post_image\" style=\"background-image: url(https:\/\/uus.andresklaas.ee\/wp-content\/uploads\/2022\/05\/Maret_Muur.jpg);\">\n     <div class=\"uc_post_image_overlay\"><\/div>\n   <\/div>\n  <\/a>\n   \n <div class=\"uc_content\">\n    <div>\n      \n           \n    \n  \n      \n      \n \n     \n          <div class=\"ue-meta-data\">\n                        \n                        \n        \n\t\t\t\n\n\n\n\n\n\n\n\n\n\n\n\n            \n                        \t \n            \t<div class=\"ue-grid-item-meta-data prof\"><span class=\"ue-grid-item-meta-data-icon\"><i class=''><\/i><\/span>  Quality Manager<\/div>\n                        <br>\n            \t\n            \n                        \t \n            \t<div class=\"ue-grid-item-meta-data nimi\"> Maret<\/div>\n                        \n                        \t \n            \t<div class=\"ue-grid-item-meta-data nimi\">  M\u00fc\u00fcr<\/div>\n                       \n                        \t \n            \t<div class=\"ue-grid-item-meta-data telpost\">  maret@andresklaas.ee <br>\r\n+372 6061 336<br><\/div>\n                        \n            \t\t\t\n              \n            \n          <\/div>\n     \n      \n      \n      \n          \t<\/div>\n  <\/div>\n<\/div>\n<div class=\"uc_post_grid_style_one_item ue_post_grid_item ue-item \">\n  \n   <a class=\"uc_post_grid_style_one_image\">\n   <div class=\"uc_post_image\" style=\"background-image: url(https:\/\/uus.andresklaas.ee\/wp-content\/uploads\/2022\/05\/Alesja_Kirsiste.jpg);\">\n     <div class=\"uc_post_image_overlay\"><\/div>\n   <\/div>\n  <\/a>\n   \n <div class=\"uc_content\">\n    <div>\n      \n           \n    \n  \n      \n      \n \n     \n          <div class=\"ue-meta-data\">\n                        \n                        \n        \n\t\t\t\n\n\n\n\n\n\n\n\n\n\n\n\n            \n                        \t \n            \t<div class=\"ue-grid-item-meta-data prof\"><span class=\"ue-grid-item-meta-data-icon\"><i class=''><\/i><\/span>  Sales Manager Estonia<\/div>\n                        <br>\n            \t\n            \n                        \t \n            \t<div class=\"ue-grid-item-meta-data nimi\"> Alesja<\/div>\n                        \n                        \t \n            \t<div class=\"ue-grid-item-meta-data nimi\">  Kirsiste<\/div>\n                       \n                        \t \n            \t<div class=\"ue-grid-item-meta-data telpost\">  alesja@andresklaas<br>\r\n+372 5285 983<br>\r\n+372 6061 320<br><\/div>\n                        \n            \t\t\t\n              \n            \n          <\/div>\n     \n      \n      \n      \n          \t<\/div>\n  <\/div>\n<\/div>\n<div class=\"uc_post_grid_style_one_item ue_post_grid_item ue-item \">\n  \n   <a class=\"uc_post_grid_style_one_image\">\n   <div class=\"uc_post_image\" style=\"background-image: url(https:\/\/uus.andresklaas.ee\/wp-content\/uploads\/2022\/05\/Mari-Ann_Usberg.jpg);\">\n     <div class=\"uc_post_image_overlay\"><\/div>\n   <\/div>\n  <\/a>\n   \n <div class=\"uc_content\">\n    <div>\n      \n           \n    \n  \n      \n      \n \n     \n          <div class=\"ue-meta-data\">\n                        \n                        \n        \n\t\t\t\n\n\n\n\n\n\n\n\n\n\n\n\n            \n                        \t \n            \t<div class=\"ue-grid-item-meta-data prof\"><span class=\"ue-grid-item-meta-data-icon\"><i class=''><\/i><\/span>  Sales Manager Sweden<\/div>\n                        <br>\n            \t\n            \n                        \t \n            \t<div class=\"ue-grid-item-meta-data nimi\"> Mari-Ann<\/div>\n                        \n                        \t \n            \t<div class=\"ue-grid-item-meta-data nimi\">  Usberg<\/div>\n                       \n                        \t \n            \t<div class=\"ue-grid-item-meta-data telpost\">  mari-ann@andresklaas.ee<br>\r\n+372 5558 2852<br>\r\n+372 6025 370<br><\/div>\n                        \n            \t\t\t\n              \n            \n          <\/div>\n     \n      \n      \n      \n          \t<\/div>\n  <\/div>\n<\/div>\n<div class=\"uc_post_grid_style_one_item ue_post_grid_item ue-item \">\n  \n   <a class=\"uc_post_grid_style_one_image\">\n   <div class=\"uc_post_image\" style=\"background-image: url(https:\/\/uus.andresklaas.ee\/wp-content\/uploads\/2022\/05\/RuthRakver-2.jpg);\">\n     <div class=\"uc_post_image_overlay\"><\/div>\n   <\/div>\n  <\/a>\n   \n <div class=\"uc_content\">\n    <div>\n      \n           \n    \n  \n      \n      \n \n     \n          <div class=\"ue-meta-data\">\n                        \n                        \n        \n\t\t\t\n\n\n\n\n\n\n\n\n\n\n\n\n            \n                        \t \n            \t<div class=\"ue-grid-item-meta-data prof\"><span class=\"ue-grid-item-meta-data-icon\"><i class=''><\/i><\/span>  Sales Secretary<\/div>\n                        <br>\n            \t\n            \n                        \t \n            \t<div class=\"ue-grid-item-meta-data nimi\"> Ruth<\/div>\n                        \n                        \t \n            \t<div class=\"ue-grid-item-meta-data nimi\">  Rakver<\/div>\n                       \n                        \t \n            \t<div class=\"ue-grid-item-meta-data telpost\">  ruth@andresklaas.ee <br>\r\n+372 5302 3578<br>\r\n+372 6061 321<br><\/div>\n                        \n            \t\t\t\n              \n            \n          <\/div>\n     \n      \n      \n      \n          \t<\/div>\n  <\/div>\n<\/div>\n<div class=\"uc_post_grid_style_one_item ue_post_grid_item ue-item \">\n  \n   <a class=\"uc_post_grid_style_one_image\">\n   <div class=\"uc_post_image\" style=\"background-image: url(https:\/\/uus.andresklaas.ee\/wp-content\/uploads\/2022\/05\/Merit\u2028_Magi.jpg);\">\n     <div class=\"uc_post_image_overlay\"><\/div>\n   <\/div>\n  <\/a>\n   \n <div class=\"uc_content\">\n    <div>\n      \n           \n    \n  \n      \n      \n \n     \n          <div class=\"ue-meta-data\">\n                        \n                        \n        \n\t\t\t\n\n\n\n\n\n\n\n\n\n\n\n\n            \n                        \t \n            \t<div class=\"ue-grid-item-meta-data prof\"><span class=\"ue-grid-item-meta-data-icon\"><i class=''><\/i><\/span>  Sales assistant<\/div>\n                        <br>\n            \t\n            \n                        \t \n            \t<div class=\"ue-grid-item-meta-data nimi\"> Adelina<\/div>\n                        \n                        \t \n            \t<div class=\"ue-grid-item-meta-data nimi\">  Mohnja<\/div>\n                       \n                        \t \n            \t<div class=\"ue-grid-item-meta-data telpost\">  <\/div>\n                        \n            \t\t\t\n              \n            \n          <\/div>\n     \n      \n      \n      \n          \t<\/div>\n  <\/div>\n<\/div>\n<div class=\"uc_post_grid_style_one_item ue_post_grid_item ue-item \">\n  \n   <a class=\"uc_post_grid_style_one_image\">\n   <div class=\"uc_post_image\" style=\"background-image: url(https:\/\/uus.andresklaas.ee\/wp-content\/uploads\/2022\/05\/ever_talumaa.jpg);\">\n     <div class=\"uc_post_image_overlay\"><\/div>\n   <\/div>\n  <\/a>\n   \n <div class=\"uc_content\">\n    <div>\n      \n           \n    \n  \n      \n      \n \n     \n          <div class=\"ue-meta-data\">\n                        \n                        \n        \n\t\t\t\n\n\n\n\n\n\n\n\n\n\n\n\n            \n                        \t \n            \t<div class=\"ue-grid-item-meta-data prof\"><span class=\"ue-grid-item-meta-data-icon\"><i class=''><\/i><\/span>  Technical Manager<\/div>\n                        <br>\n            \t\n            \n                        \t \n            \t<div class=\"ue-grid-item-meta-data nimi\"> Ever<\/div>\n                        \n                        \t \n            \t<div class=\"ue-grid-item-meta-data nimi\">  Talumaa<\/div>\n                       \n                        \t \n            \t<div class=\"ue-grid-item-meta-data telpost\">  ever@andresklaas.ee<br>\r\n+372 5104 507<br>\r\n+372 6061 322<\/div>\n                        \n            \t\t\t\n              \n            \n          <\/div>\n     \n      \n      \n      \n          \t<\/div>\n  <\/div>\n<\/div>\n<div class=\"uc_post_grid_style_one_item ue_post_grid_item ue-item \">\n  \n   <a class=\"uc_post_grid_style_one_image\">\n   <div class=\"uc_post_image\" style=\"background-image: url(https:\/\/uus.andresklaas.ee\/wp-content\/uploads\/2022\/04\/Group.svg);\">\n     <div class=\"uc_post_image_overlay\"><\/div>\n   <\/div>\n  <\/a>\n   \n <div class=\"uc_content\">\n    <div>\n      \n           \n    \n  \n      \n      \n \n     \n          <div class=\"ue-meta-data\">\n                        \n                        \n        \n\t\t\t\n\n\n\n\n\n\n\n\n\n\n\n\n            \n                        \t \n            \t<div class=\"ue-grid-item-meta-data prof\"><span class=\"ue-grid-item-meta-data-icon\"><i class=''><\/i><\/span>  Chief Accountant<\/div>\n                        <br>\n            \t\n            \n                        \t \n            \t<div class=\"ue-grid-item-meta-data nimi\"> Merit<\/div>\n                        \n                        \t \n            \t<div class=\"ue-grid-item-meta-data nimi\">  M\u00e4gi<\/div>\n                       \n                        \t \n            \t<div class=\"ue-grid-item-meta-data telpost\">  merit@andresklaas.ee<br>\r\n+372 6061 328<br><\/div>\n                        \n            \t\t\t\n              \n            \n          <\/div>\n     \n      \n      \n      \n          \t<\/div>\n  <\/div>\n<\/div>\n\n\t\t<\/div>\n\t<\/div>\n\n\n\n  <div id=\"uc_post_grid_elementor16516_empty_message\" class=\"ue-no-posts-found\"  style=\"display:none\" >No posts found<\/div>\n\n\n\t\t\t<!-- end Post Grid -->\t\t<\/div>\n\t\t\t\t<\/div>\n\t\t\t\t\t<\/div>\n\t\t<\/div>\n\t\t\t\t\t\t\t<\/div>\n\t\t<\/section>\n\t\t\t\t\t\t\t<\/div>\n\t\t","protected":false},"excerpt":{"rendered":"<p>Our team juhatuse esimees Gerd Veelma gerd@andresklaas.ee +372 6061 320 M\u00fc\u00fcgidirektor Ulvar Zeider ulvar@andresklaas.ee +372 5100 354 +372 6061 324 Kvaliteedijuht Maret M\u00fc\u00fcr maret@andresklaas.ee +372 6061 336 M\u00fc\u00fcgijuht Alesja Kirsiste alesja@andresklaas +372 5285 983 +372 6061 320 Rootsi m\u00fc\u00fcgijuht Mari-Ann Usberg mari-ann@andresklaas.ee +372 5558 2852 +372 6025 370 M\u00fc\u00fcgisekret\u00e4r Ruth Rakver ruth@andresklaas.ee +372 5302 3578 [&hellip;]<\/p>\n","protected":false},"author":1,"featured_media":0,"parent":2701,"menu_order":0,"comment_status":"closed","ping_status":"closed","template":"","meta":{"footnotes":""},"class_list":["post-2592","page","type-page","status-publish","hentry"],"acf":[],"_links":{"self":[{"href":"https:\/\/uus.andresklaas.ee\/en\/wp-json\/wp\/v2\/pages\/2592","targetHints":{"allow":["GET"]}}],"collection":[{"href":"https:\/\/uus.andresklaas.ee\/en\/wp-json\/wp\/v2\/pages"}],"about":[{"href":"https:\/\/uus.andresklaas.ee\/en\/wp-json\/wp\/v2\/types\/page"}],"author":[{"embeddable":true,"href":"https:\/\/uus.andresklaas.ee\/en\/wp-json\/wp\/v2\/users\/1"}],"replies":[{"embeddable":true,"href":"https:\/\/uus.andresklaas.ee\/en\/wp-json\/wp\/v2\/comments?post=2592"}],"version-history":[{"count":0,"href":"https:\/\/uus.andresklaas.ee\/en\/wp-json\/wp\/v2\/pages\/2592\/revisions"}],"up":[{"embeddable":true,"href":"https:\/\/uus.andresklaas.ee\/en\/wp-json\/wp\/v2\/pages\/2701"}],"wp:attachment":[{"href":"https:\/\/uus.andresklaas.ee\/en\/wp-json\/wp\/v2\/media?parent=2592"}],"curies":[{"name":"wp","href":"https:\/\/api.w.org\/{rel}","templated":true}]}}